{"id":214,"date":"2020-04-13T11:18:52","date_gmt":"2020-04-13T11:18:52","guid":{"rendered":"https:\/\/dedenergia.com.br\/index.php\/about\/"},"modified":"2022-06-01T21:16:47","modified_gmt":"2022-06-01T21:16:47","slug":"about","status":"publish","type":"page","link":"https:\/\/dedenergia.com.br\/index.php\/about\/","title":{"rendered":"Quem Somos"},"content":{"rendered":"<h1>quem somos<\/h1>\n<p><img width=\"300\" height=\"212\" src=\"https:\/\/dedenergia.com.br\/wp-content\/uploads\/2021\/11\/logo-ded-pretaeamarela.fw_-300x212.png\" alt=\"\" loading=\"lazy\" srcset=\"https:\/\/dedenergia.com.br\/wp-content\/uploads\/2021\/11\/logo-ded-pretaeamarela.fw_-300x212.png 300w, https:\/\/dedenergia.com.br\/wp-content\/uploads\/2021\/11\/logo-ded-pretaeamarela.fw_.png 465w\" sizes=\"(max-width: 300px) 100vw, 300px\"><\/p>\n<h1>D&amp;D Energia<\/h1>\n<p>A empresa est\u00e1 em atividade a dois anos atuando com projetos el\u00e9tricos e energia solar.<\/p>\n<h1>Projetos | Energia Solar | Energia El\u00e9trica.<\/h1>\n<h1>miss\u00e3o<\/h1>\n<p>Prover solu\u00e7\u00f5es pr\u00e1ticas e assertivas na gest\u00e3o da efici\u00eancia energ\u00e9tica para redu\u00e7\u00e3o no consumo, uso consciente da energia e ampliar as fontes de energias renov\u00e1veis no pa\u00eds.<\/p>\n<h1>vis\u00e3o<\/h1>\n<p>Ser refer\u00eancia no Brasil com projetos flex\u00edveis e inovadores para reduzir custos e melhorar a performance no consumo de energia.<\/p>\n<h1>valores<\/h1>\n<p>Responsabilidade com o investimento do cliente, comprometimento com a qualidade e seguran\u00e7a.<\/p>\n","protected":false},"excerpt":{"rendered":"<p>quem somos D&amp;D Energia A empresa est\u00e1 em atividade a dois anos atuando com projetos el\u00e9tricos e energia solar. Projetos | Energia Solar | Energia El\u00e9trica. miss\u00e3o Prover solu\u00e7\u00f5es pr\u00e1ticas e assertivas na gest\u00e3o da efici\u00eancia energ\u00e9tica para redu\u00e7\u00e3o no consumo, uso consciente da energia e ampliar as fontes de energias renov\u00e1veis no pa\u00eds. vis\u00e3o &hellip;<\/p>\n<p class=\"read-more\"> <a class=\"\" href=\"https:\/\/dedenergia.com.br\/index.php\/about\/\"> <span class=\"screen-reader-text\">Quem Somos<\/span> Leia mais &raquo;<\/a><\/p>\n","protected":false},"author":1,"featured_media":0,"parent":0,"menu_order":0,"comment_status":"closed","ping_status":"closed","template":"","meta":[],"_links":{"self":[{"href":"https:\/\/dedenergia.com.br\/index.php\/wp-json\/wp\/v2\/pages\/214"}],"collection":[{"href":"https:\/\/dedenergia.com.br\/index.php\/wp-json\/wp\/v2\/pages"}],"about":[{"href":"https:\/\/dedenergia.com.br\/index.php\/wp-json\/wp\/v2\/types\/page"}],"author":[{"embeddable":true,"href":"https:\/\/dedenergia.com.br\/index.php\/wp-json\/wp\/v2\/users\/1"}],"replies":[{"embeddable":true,"href":"https:\/\/dedenergia.com.br\/index.php\/wp-json\/wp\/v2\/comments?post=214"}],"version-history":[{"count":23,"href":"https:\/\/dedenergia.com.br\/index.php\/wp-json\/wp\/v2\/pages\/214\/revisions"}],"predecessor-version":[{"id":634,"href":"https:\/\/dedenergia.com.br\/index.php\/wp-json\/wp\/v2\/pages\/214\/revisions\/634"}],"wp:attachment":[{"href":"https:\/\/dedenergia.com.br\/index.php\/wp-json\/wp\/v2\/media?parent=214"}],"curies":[{"name":"wp","href":"https:\/\/api.w.org\/{rel}","templated":true}]}}